{"id":18730,"date":"2025-05-12T22:09:13","date_gmt":"2025-05-12T21:09:13","guid":{"rendered":"https:\/\/www.haravara.sk\/?page_id=18730"},"modified":"2025-05-12T22:11:17","modified_gmt":"2025-05-12T21:11:17","slug":"ziadost-o-zmazanie-uctu-v-aplikacii-haravara-patracka","status":"publish","type":"page","link":"https:\/\/www.haravara.sk\/en\/ziadost-o-zmazanie-uctu-v-aplikacii-haravara-patracka\/","title":{"rendered":"\u017diados\u0165 o zmazanie \u00fa\u010dtu v aplik\u00e1cii Haravara P\u00e1tra\u010dka"},"content":{"rendered":"\n<p>V\u00e1\u017een\u00fd t\u00edm Haravara,<\/p>\n\n\n\n<p>t\u00fdmto V\u00e1s \u017eiadam o zmazanie m\u00f4jho p\u00e1tra\u010dsk\u00e9ho \u00fa\u010dtu v aplik\u00e1cii Haravara a v\u0161etk\u00fdch s n\u00edm s\u00favisiacich osobn\u00fdch \u00fadajov v s\u00falade s aktu\u00e1lnymi pr\u00e1vnymi predpismi o ochrane osobn\u00fdch \u00fadajov.<\/p>\n\n\n\n<p>\u017dIADATE\u013d<\/p>\n\n\n\n<p>Meno a priezvisko:<\/p>\n\n\n\n<p>DOTKNUT\u00c1 OSOBA <strong>(nie je potrebn\u00e9 vyplni\u0165, ak je rovnak\u00e1 ako \u017eiadate\u013e)<\/strong><\/p>\n\n\n\n<p>Meno a priezvisko:<\/p>\n\n\n\n<p><strong>T\u00fdmto si uplat\u0148ujem pr\u00e1vo na vymazanie osobn\u00fdch \u00fadajov v zmysle \u010dl. 17 v\u0161eobecn\u00e9ho nariadenia o&nbsp;ochrane osobn\u00fdch \u00fadajov<a href=\"#_ftn1\" id=\"_ftnref1\"><strong>[1]<\/strong><\/a>.<\/strong><\/p>\n\n\n\n<p>\u017diadam V\u00e1s o vymazanie mojich osobn\u00fdch \u00fadajov, preto\u017ee:<\/p>\n\n\n\n<p><strong>(vyberte jednu alebo viac mo\u017enost\u00ed):<\/strong><\/p>\n\n\n\n<p><object width=\"18\" height=\"24\"><\/object>&nbsp;som toho n\u00e1zoru, \u017ee osobn\u00e9 \u00fadaje u\u017e nie s\u00fa potrebn\u00e9 na \u00fa\u010dely, na ktor\u00e9 sa z\u00edskavali alebo inak sprac\u00favali;<\/p>\n\n\n\n<p><object width=\"22\" height=\"24\"><\/object>som odvolal\/odvolala s\u00fahlas so sprac\u00favan\u00edm osobn\u00fdch \u00fadajov<\/p>\n\n\n\n<p><strong><em>&nbsp;(tu m\u00f4\u017eete uvies\u0165 detaily kedy ste tak urobili);<\/em><\/strong><strong><em><\/em><\/strong><\/p>\n\n\n\n<p><object width=\"22\" height=\"24\"><\/object>vyu\u017eil\/vyu\u017eila som pr\u00e1vo namieta\u0165 pod\u013ea \u010dl. 21 v\u0161eobecn\u00e9ho nariadenia o&nbsp;ochrane \u00fadajov a&nbsp;t\u00e1to moja \u017eiados\u0165 bola kladne vybaven\u00e1;<\/p>\n\n\n\n<p><object width=\"18\" height=\"24\"><\/object>&nbsp;som toho n\u00e1zoru, \u017ee moje osobn\u00e9 \u00fadaje sa sprac\u00favaj\u00fa nez\u00e1konne;<\/p>\n\n\n\n<p><object width=\"18\" height=\"24\"><\/object>&nbsp;som toho n\u00e1zoru, \u017ee je Va\u0161ou pr\u00e1vnou povinnos\u0165ou vymaza\u0165 moje \u00fadaje<\/p>\n\n\n\n<p><strong><em>&nbsp;(tu m\u00f4\u017eete uvies\u0165 d\u00f4vod);<\/em><\/strong><\/p>\n\n\n\n<p><object width=\"18\" height=\"24\"><\/object>&nbsp;som toho n\u00e1zoru, \u017ee moje osobn\u00e9 \u00fadaje sa z\u00edskavali v s\u00favislosti s ponukou slu\u017eieb informa\u010dnej spolo\u010dnosti pod\u013ea \u010dl. 8 ods. 1 v\u0161eobecn\u00e9ho nariadenia o&nbsp;ochrane \u00fadajov <strong><em>(tento d\u00f4vod na v\u00fdmaz je aplikovate\u013en\u00fd len na deti do 16 rokov veku).<\/em><\/strong><\/p>\n\n\n\n<p>\u017diados\u0165 sa vz\u0165ahuje na tieto moje osobn\u00e9 \u00fadaje:<\/p>\n\n\n\n<ul class=\"wp-block-list\">\n<li>E-mail<\/li>\n\n\n\n<li>Nickname<\/li>\n\n\n\n<li>Inform\u00e1cia, \u010di je \u00fa\u010det veden\u00fd single p\u00e1tra\u010d alebo rodinn\u00fd \u00fa\u010det<\/li>\n\n\n\n<li>Po\u010det det\u00ed<\/li>\n\n\n\n<li>Bydlisko<\/li>\n<\/ul>\n\n\n\n<p>Odpove\u010f na \u017eiados\u0165 V\u00e1s pros\u00edm zasla\u0165 elektronicky na mnou ur\u010den\u00fd e-mail:<\/p>\n\n\n\n<p>alebo po\u0161tou na adresu:<\/p>\n\n\n\n<p>Miesto a d\u00e1tum:<\/p>\n\n\n\n<p>Podpis:<\/p>\n\n\n\n<p>Pr\u00edlohy:<\/p>\n\n\n\n<hr class=\"wp-block-separator has-alpha-channel-opacity\"\/>\n\n\n\n<p><a href=\"#_ftnref1\" id=\"_ftn1\">[1]<\/a> <a href=\"https:\/\/eur-lex.europa.eu\/legal-content\/SK\/TXT\/PDF\/?uri=CELEX:32016R0679&amp;from=SK\">NARIADENIE EUR\u00d3PSKEHO PARLAMENTU A RADY (E\u00da) 2016\/679<\/a> z 27. apr\u00edla 2016 o ochrane fyzick\u00fdch os\u00f4b pri sprac\u00favan\u00ed osobn\u00fdch \u00fadajov a o vo\u013enom pohybe tak\u00fdchto \u00fadajov, ktor\u00fdm sa zru\u0161uje smernica 95\/46\/ES (v\u0161eobecn\u00e9 nariadenie o ochrane \u00fadajov); konsolidovan\u00e9 znenie<\/p>\n\n\n\n<p><strong><em>\u010cl\u00e1nok 17 Pr\u00e1vo na vymazanie (pr\u00e1vo \u201ena zabudnutie\u201c)<\/em><\/strong><\/p>\n\n\n\n<p><em>1. Dotknut\u00e1 osoba m\u00e1 tie\u017e pr\u00e1vo dosiahnu\u0165 u prev\u00e1dzkovate\u013ea bez zbyto\u010dn\u00e9ho odkladu vymazanie osobn\u00fdch \u00fadajov, ktor\u00e9 sa jej t\u00fdkaj\u00fa, a prev\u00e1dzkovate\u013e je povinn\u00fd bez zbyto\u010dn\u00e9ho odkladu vymaza\u0165 osobn\u00e9 \u00fadaje, ak je splnen\u00fd niektor\u00fd z t\u00fdchto d\u00f4vodov: a) osobn\u00e9 \u00fadaje u\u017e nie s\u00fa potrebn\u00e9 na \u00fa\u010dely, na ktor\u00e9 sa z\u00edskavali alebo inak sprac\u00favali; b) dotknut\u00e1 osoba odvol\u00e1 s\u00fahlas, na z\u00e1klade ktor\u00e9ho sa sprac\u00favanie vykon\u00e1va, pod\u013ea \u010dl\u00e1nku 6 ods. 1 p\u00edsm. a) alebo \u010dl\u00e1nku 9 ods. 2 p\u00edsm. a), a ak neexistuje in\u00fd pr\u00e1vny z\u00e1klad pre sprac\u00favanie; c) dotknut\u00e1 osoba namieta vo\u010di sprac\u00favaniu pod\u013ea \u010dl\u00e1nku 21 ods. 1 a nepreva\u017euj\u00fa \u017eiadne opr\u00e1vnen\u00e9 d\u00f4vody na sprac\u00favanie alebo dotknut\u00e1 osoba namieta vo\u010di sprac\u00favaniu pod\u013ea \u010dl\u00e1nku 21 ods. 2; d) osobn\u00e9 \u00fadaje sa sprac\u00favali nez\u00e1konne; e) osobn\u00e9 \u00fadaje musia by\u0165 vymazan\u00e9, aby sa splnila z\u00e1konn\u00e1 povinnos\u0165 pod\u013ea pr\u00e1va \u00danie alebo pr\u00e1va \u010dlensk\u00e9ho \u0161t\u00e1tu, ktor\u00e9mu prev\u00e1dzkovate\u013e podlieha; f) osobn\u00e9 \u00fadaje sa z\u00edskavali v s\u00favislosti s ponukou slu\u017eieb informa\u010dnej spolo\u010dnosti pod\u013ea \u010dl\u00e1nku 8 ods. 1.<\/em><\/p>\n\n\n\n<p><em>2. Ak prev\u00e1dzkovate\u013e zverejnil osobn\u00e9 \u00fadaje a pod\u013ea odseku 1 je povinn\u00fd vymaza\u0165 osobn\u00e9 \u00fadaje, so zrete\u013eom na dostupn\u00fa technol\u00f3giu a n\u00e1klady na vykonanie opatren\u00ed podnikne primeran\u00e9 opatrenia vr\u00e1tane technick\u00fdch opatren\u00ed, aby informoval prev\u00e1dzkovate\u013eov, ktor\u00ed vykon\u00e1vaj\u00fa sprac\u00favanie osobn\u00fdch \u00fadajov, \u017ee dotknut\u00e1 osoba ich \u017eiada, aby vymazali v\u0161etky odkazy na tieto osobn\u00e9 \u00fadaje, ich k\u00f3piu alebo repliky.<\/em><\/p>\n\n\n\n<p><em>3. Odseky 1 a 2 sa neuplat\u0148uj\u00fa, pokia\u013e je sprac\u00favanie potrebn\u00e9: a) na uplatnenie pr\u00e1va na slobodu prejavu a na inform\u00e1cie; b) na splnenie z\u00e1konnej povinnosti, ktor\u00e1 si vy\u017eaduje sprac\u00favanie pod\u013ea pr\u00e1va \u00danie alebo pr\u00e1va \u010dlensk\u00e9ho \u0161t\u00e1tu, ktor\u00e9mu prev\u00e1dzkovate\u013e podlieha, alebo na splnenie \u00falohy realizovanej vo verejnom z\u00e1ujme alebo pri v\u00fdkone verejnej moci zverenej prev\u00e1dzkovate\u013eovi; c) z d\u00f4vodov verejn\u00e9ho z\u00e1ujmu v oblasti verejn\u00e9ho zdravia v s\u00falade s \u010dl\u00e1nkom 9 ods. 2 p\u00edsm. h) a i), ako aj \u010dl\u00e1nkom 9 ods. 3; d) na \u00fa\u010dely archiv\u00e1cie vo verejnom z\u00e1ujme, na \u00fa\u010dely vedeck\u00e9ho alebo historick\u00e9ho v\u00fdskumu \u010di na \u0161tatistick\u00e9 \u00fa\u010dely pod\u013ea \u010dl\u00e1nku 89 ods. 1, pokia\u013e je pravdepodobn\u00e9, \u017ee pr\u00e1vo uveden\u00e9 v odseku 1 znemo\u017en\u00ed alebo z\u00e1va\u017en\u00fdm sp\u00f4sobom s\u0165a\u017e\u00ed dosiahnutie cie\u013eov tak\u00e9hoto sprac\u00favania, alebo e) na preukazovanie, uplat\u0148ovanie alebo obhajovanie pr\u00e1vnych n\u00e1rokov.<\/em><\/p>\n\n\n\n<p>Miesto a d\u00e1tum:<\/p>\n\n\n\n<p>Podpis:<\/p>\n\n\n\n<p>Pr\u00edlohy:<\/p>\n","protected":false},"excerpt":{"rendered":"<p>V\u00e1\u017een\u00fd t\u00edm Haravara, t\u00fdmto V\u00e1s \u017eiadam o zmazanie m\u00f4jho p\u00e1tra\u010dsk\u00e9ho \u00fa\u010dtu v aplik\u00e1cii Haravara a v\u0161etk\u00fdch s n\u00edm s\u00favisiacich osobn\u00fdch \u00fadajov v s\u00falade s aktu\u00e1lnymi pr\u00e1vnymi predpismi o ochrane osobn\u00fdch \u00fadajov. \u017dIADATE\u013d Meno a priezvisko: DOTKNUT\u00c1 OSOBA (nie je potrebn\u00e9 vyplni\u0165, ak je rovnak\u00e1 ako \u017eiadate\u013e) Meno a priezvisko: T\u00fdmto si uplat\u0148ujem pr\u00e1vo na vymazanie...<\/p>","protected":false},"author":1,"featured_media":0,"parent":0,"menu_order":0,"comment_status":"closed","ping_status":"closed","template":"","meta":{"_acf_changed":false,"footnotes":""},"class_list":["post-18730","page","type-page","status-publish","hentry"],"acf":[],"yoast_head":"<!-- This site is optimized with the Yoast SEO Premium plugin v22.7 (Yoast SEO v27.5) - https:\/\/yoast.com\/product\/yoast-seo-premium-wordpress\/ -->\n<title>\u2b50HARAVARA - Kam s de\u0165mi v Ko\u0161ickom kraji - \u017diados\u0165 o zmazanie \u00fa\u010dtu v aplik\u00e1cii Haravara P\u00e1tra\u010dka<\/title>\n<meta name=\"description\" content=\"P\u00fdtate sa kam s de\u0165mi v Ko\u0161ickom kraji? Odpove\u010f je Haravara - Nechajte sa in\u0161pirova\u0165 skvel\u00fdmi tipmi na rodinn\u00e9 v\u00fdlety, podujatia...\" \/>\n<meta name=\"robots\" content=\"index, follow, max-snippet:-1, max-image-preview:large, max-video-preview:-1\" \/>\n<link rel=\"canonical\" href=\"https:\/\/www.haravara.sk\/en\/ziadost-o-zmazanie-uctu-v-aplikacii-haravara-patracka\/\" \/>\n<meta property=\"og:locale\" content=\"en_GB\" \/>\n<meta property=\"og:type\" content=\"article\" \/>\n<meta property=\"og:title\" content=\"\u017diados\u0165 o zmazanie \u00fa\u010dtu v aplik\u00e1cii Haravara P\u00e1tra\u010dka\" \/>\n<meta property=\"og:description\" content=\"P\u00fdtate sa kam s de\u0165mi v Ko\u0161ickom kraji? Odpove\u010f je Haravara - Nechajte sa in\u0161pirova\u0165 skvel\u00fdmi tipmi na rodinn\u00e9 v\u00fdlety, podujatia...\" \/>\n<meta property=\"og:url\" content=\"https:\/\/www.haravara.sk\/en\/ziadost-o-zmazanie-uctu-v-aplikacii-haravara-patracka\/\" \/>\n<meta property=\"og:site_name\" content=\"HARAVARA\" \/>\n<meta property=\"article:publisher\" content=\"https:\/\/www.facebook.com\/haravara.detsky.svet\" \/>\n<meta property=\"article:modified_time\" content=\"2025-05-12T21:11:17+00:00\" \/>\n<meta property=\"og:image\" content=\"https:\/\/www.haravara.sk\/wp-content\/uploads\/2023\/03\/HRVR_bil_april_edit.jpg\" \/>\n\t<meta property=\"og:image:width\" content=\"1920\" \/>\n\t<meta property=\"og:image:height\" content=\"903\" \/>\n\t<meta property=\"og:image:type\" content=\"image\/jpeg\" \/>\n<meta name=\"twitter:card\" content=\"summary_large_image\" \/>\n<meta name=\"twitter:label1\" content=\"Estimated reading time\" \/>\n\t<meta name=\"twitter:data1\" content=\"3 minutes\" \/>\n<script type=\"application\/ld+json\" class=\"yoast-schema-graph\">{\"@context\":\"https:\\\/\\\/schema.org\",\"@graph\":[{\"@type\":\"WebPage\",\"@id\":\"https:\\\/\\\/www.haravara.sk\\\/ziadost-o-zmazanie-uctu-v-aplikacii-haravara-patracka\\\/\",\"url\":\"https:\\\/\\\/www.haravara.sk\\\/ziadost-o-zmazanie-uctu-v-aplikacii-haravara-patracka\\\/\",\"name\":\"\u2b50HARAVARA - Kam s de\u0165mi v Ko\u0161ickom kraji - \u017diados\u0165 o zmazanie \u00fa\u010dtu v aplik\u00e1cii Haravara P\u00e1tra\u010dka\",\"isPartOf\":{\"@id\":\"https:\\\/\\\/www.haravara.sk\\\/#website\"},\"datePublished\":\"2025-05-12T21:09:13+00:00\",\"dateModified\":\"2025-05-12T21:11:17+00:00\",\"description\":\"P\u00fdtate sa kam s de\u0165mi v Ko\u0161ickom kraji? Odpove\u010f je Haravara - Nechajte sa in\u0161pirova\u0165 skvel\u00fdmi tipmi na rodinn\u00e9 v\u00fdlety, podujatia...\",\"breadcrumb\":{\"@id\":\"https:\\\/\\\/www.haravara.sk\\\/ziadost-o-zmazanie-uctu-v-aplikacii-haravara-patracka\\\/#breadcrumb\"},\"inLanguage\":\"en-GB\",\"potentialAction\":[{\"@type\":\"ReadAction\",\"target\":[\"https:\\\/\\\/www.haravara.sk\\\/ziadost-o-zmazanie-uctu-v-aplikacii-haravara-patracka\\\/\"]}]},{\"@type\":\"BreadcrumbList\",\"@id\":\"https:\\\/\\\/www.haravara.sk\\\/ziadost-o-zmazanie-uctu-v-aplikacii-haravara-patracka\\\/#breadcrumb\",\"itemListElement\":[{\"@type\":\"ListItem\",\"position\":1,\"name\":\"Domov\",\"item\":\"https:\\\/\\\/www.haravara.sk\\\/\"},{\"@type\":\"ListItem\",\"position\":2,\"name\":\"\u017diados\u0165 o zmazanie \u00fa\u010dtu v aplik\u00e1cii Haravara P\u00e1tra\u010dka\"}]},{\"@type\":\"WebSite\",\"@id\":\"https:\\\/\\\/www.haravara.sk\\\/#website\",\"url\":\"https:\\\/\\\/www.haravara.sk\\\/\",\"name\":\"HARAVARA\",\"description\":\"Objav detsk\u00fd svet v Ko\u0161ickom kraji\",\"publisher\":{\"@id\":\"https:\\\/\\\/www.haravara.sk\\\/#organization\"},\"potentialAction\":[{\"@type\":\"SearchAction\",\"target\":{\"@type\":\"EntryPoint\",\"urlTemplate\":\"https:\\\/\\\/www.haravara.sk\\\/?s={search_term_string}\"},\"query-input\":{\"@type\":\"PropertyValueSpecification\",\"valueRequired\":true,\"valueName\":\"search_term_string\"}}],\"inLanguage\":\"en-GB\"},{\"@type\":\"Organization\",\"@id\":\"https:\\\/\\\/www.haravara.sk\\\/#organization\",\"name\":\"Haravara\",\"url\":\"https:\\\/\\\/www.haravara.sk\\\/\",\"logo\":{\"@type\":\"ImageObject\",\"inLanguage\":\"en-GB\",\"@id\":\"https:\\\/\\\/www.haravara.sk\\\/#\\\/schema\\\/logo\\\/image\\\/\",\"url\":\"https:\\\/\\\/www.haravara.sk\\\/wp-content\\\/uploads\\\/2021\\\/04\\\/LOGO-LandingPage.png\",\"contentUrl\":\"https:\\\/\\\/www.haravara.sk\\\/wp-content\\\/uploads\\\/2021\\\/04\\\/LOGO-LandingPage.png\",\"width\":832,\"height\":618,\"caption\":\"Haravara\"},\"image\":{\"@id\":\"https:\\\/\\\/www.haravara.sk\\\/#\\\/schema\\\/logo\\\/image\\\/\"},\"sameAs\":[\"https:\\\/\\\/www.facebook.com\\\/haravara.detsky.svet\"]}]}<\/script>\n<!-- \/ Yoast SEO Premium plugin. -->","yoast_head_json":{"title":"\u2b50HARAVARA - Kam s de\u0165mi v Ko\u0161ickom kraji - \u017diados\u0165 o zmazanie \u00fa\u010dtu v aplik\u00e1cii Haravara P\u00e1tra\u010dka","description":"P\u00fdtate sa kam s de\u0165mi v Ko\u0161ickom kraji? Odpove\u010f je Haravara - Nechajte sa in\u0161pirova\u0165 skvel\u00fdmi tipmi na rodinn\u00e9 v\u00fdlety, podujatia...","robots":{"index":"index","follow":"follow","max-snippet":"max-snippet:-1","max-image-preview":"max-image-preview:large","max-video-preview":"max-video-preview:-1"},"canonical":"https:\/\/www.haravara.sk\/en\/ziadost-o-zmazanie-uctu-v-aplikacii-haravara-patracka\/","og_locale":"en_GB","og_type":"article","og_title":"\u017diados\u0165 o zmazanie \u00fa\u010dtu v aplik\u00e1cii Haravara P\u00e1tra\u010dka","og_description":"P\u00fdtate sa kam s de\u0165mi v Ko\u0161ickom kraji? Odpove\u010f je Haravara - Nechajte sa in\u0161pirova\u0165 skvel\u00fdmi tipmi na rodinn\u00e9 v\u00fdlety, podujatia...","og_url":"https:\/\/www.haravara.sk\/en\/ziadost-o-zmazanie-uctu-v-aplikacii-haravara-patracka\/","og_site_name":"HARAVARA","article_publisher":"https:\/\/www.facebook.com\/haravara.detsky.svet","article_modified_time":"2025-05-12T21:11:17+00:00","og_image":[{"width":1920,"height":903,"url":"https:\/\/www.haravara.sk\/wp-content\/uploads\/2023\/03\/HRVR_bil_april_edit.jpg","type":"image\/jpeg"}],"twitter_card":"summary_large_image","twitter_misc":{"Estimated reading time":"3 minutes"},"schema":{"@context":"https:\/\/schema.org","@graph":[{"@type":"WebPage","@id":"https:\/\/www.haravara.sk\/ziadost-o-zmazanie-uctu-v-aplikacii-haravara-patracka\/","url":"https:\/\/www.haravara.sk\/ziadost-o-zmazanie-uctu-v-aplikacii-haravara-patracka\/","name":"\u2b50HARAVARA - Kam s de\u0165mi v Ko\u0161ickom kraji - \u017diados\u0165 o zmazanie \u00fa\u010dtu v aplik\u00e1cii Haravara P\u00e1tra\u010dka","isPartOf":{"@id":"https:\/\/www.haravara.sk\/#website"},"datePublished":"2025-05-12T21:09:13+00:00","dateModified":"2025-05-12T21:11:17+00:00","description":"P\u00fdtate sa kam s de\u0165mi v Ko\u0161ickom kraji? Odpove\u010f je Haravara - Nechajte sa in\u0161pirova\u0165 skvel\u00fdmi tipmi na rodinn\u00e9 v\u00fdlety, podujatia...","breadcrumb":{"@id":"https:\/\/www.haravara.sk\/ziadost-o-zmazanie-uctu-v-aplikacii-haravara-patracka\/#breadcrumb"},"inLanguage":"en-GB","potentialAction":[{"@type":"ReadAction","target":["https:\/\/www.haravara.sk\/ziadost-o-zmazanie-uctu-v-aplikacii-haravara-patracka\/"]}]},{"@type":"BreadcrumbList","@id":"https:\/\/www.haravara.sk\/ziadost-o-zmazanie-uctu-v-aplikacii-haravara-patracka\/#breadcrumb","itemListElement":[{"@type":"ListItem","position":1,"name":"Domov","item":"https:\/\/www.haravara.sk\/"},{"@type":"ListItem","position":2,"name":"\u017diados\u0165 o zmazanie \u00fa\u010dtu v aplik\u00e1cii Haravara P\u00e1tra\u010dka"}]},{"@type":"WebSite","@id":"https:\/\/www.haravara.sk\/#website","url":"https:\/\/www.haravara.sk\/","name":"HARAVARA","description":"Objav detsk\u00fd svet v Ko\u0161ickom kraji","publisher":{"@id":"https:\/\/www.haravara.sk\/#organization"},"potentialAction":[{"@type":"SearchAction","target":{"@type":"EntryPoint","urlTemplate":"https:\/\/www.haravara.sk\/?s={search_term_string}"},"query-input":{"@type":"PropertyValueSpecification","valueRequired":true,"valueName":"search_term_string"}}],"inLanguage":"en-GB"},{"@type":"Organization","@id":"https:\/\/www.haravara.sk\/#organization","name":"Haravara","url":"https:\/\/www.haravara.sk\/","logo":{"@type":"ImageObject","inLanguage":"en-GB","@id":"https:\/\/www.haravara.sk\/#\/schema\/logo\/image\/","url":"https:\/\/www.haravara.sk\/wp-content\/uploads\/2021\/04\/LOGO-LandingPage.png","contentUrl":"https:\/\/www.haravara.sk\/wp-content\/uploads\/2021\/04\/LOGO-LandingPage.png","width":832,"height":618,"caption":"Haravara"},"image":{"@id":"https:\/\/www.haravara.sk\/#\/schema\/logo\/image\/"},"sameAs":["https:\/\/www.facebook.com\/haravara.detsky.svet"]}]}},"_links":{"self":[{"href":"https:\/\/www.haravara.sk\/en\/wp-json\/wp\/v2\/pages\/18730","targetHints":{"allow":["GET"]}}],"collection":[{"href":"https:\/\/www.haravara.sk\/en\/wp-json\/wp\/v2\/pages"}],"about":[{"href":"https:\/\/www.haravara.sk\/en\/wp-json\/wp\/v2\/types\/page"}],"author":[{"embeddable":true,"href":"https:\/\/www.haravara.sk\/en\/wp-json\/wp\/v2\/users\/1"}],"replies":[{"embeddable":true,"href":"https:\/\/www.haravara.sk\/en\/wp-json\/wp\/v2\/comments?post=18730"}],"version-history":[{"count":2,"href":"https:\/\/www.haravara.sk\/en\/wp-json\/wp\/v2\/pages\/18730\/revisions"}],"predecessor-version":[{"id":18732,"href":"https:\/\/www.haravara.sk\/en\/wp-json\/wp\/v2\/pages\/18730\/revisions\/18732"}],"wp:attachment":[{"href":"https:\/\/www.haravara.sk\/en\/wp-json\/wp\/v2\/media?parent=18730"}],"curies":[{"name":"wp","href":"https:\/\/api.w.org\/{rel}","templated":true}]}}