{"id":18755,"date":"2025-05-16T06:16:26","date_gmt":"2025-05-16T05:16:26","guid":{"rendered":"https:\/\/www.haravara.sk\/?page_id=18755"},"modified":"2025-05-30T13:27:49","modified_gmt":"2025-05-30T12:27:49","slug":"gdpr-k-aplikacii-haravara-patracka","status":"publish","type":"page","link":"https:\/\/www.haravara.sk\/hu\/gdpr-k-aplikacii-haravara-patracka\/","title":{"rendered":"GDPR k aplik\u00e1cii Haravara P\u00e1tra\u010dka"},"content":{"rendered":"<p>Ko\u0161ice Regi\u00f3n Turizmus, Ba\u010d\u00edkova 7, Ko\u0161ice 040 01, I\u010cO: 42319269<\/p>\n\n\n\n<p>ako prev\u00e1dzkovate\u013e, poskytuje za \u00fa\u010delom dodr\u017eiavania spravodlivosti<\/p>\n\n\n\n<p>a transparentnosti vo\u010di dotknut\u00fdm osob\u00e1m toto obozn\u00e1menie dotknutej osoby<\/p>\n\n\n\n<p>o spracovan\u00edm osobn\u00fdch \u00fadajov pod\u013ea \u010dl\u00e1nkov 13. a14. Nariadenia Eur\u00f3pskeho parlamentu a Rady (E\u00da) 2016\/679 z 27. apr\u00edla 2016 o ochrane fyzick\u00fdch os\u00f4b pri sprac\u00favan\u00ed osobn\u00fdch \u00fadajov a o vo\u013enom pohybe tak\u00fdchto \u00fadajov (\u010falej len \u201eNariadenie\u201c) a \u00a7 19 Z\u00e1kona NR SR \u010d. 18\/2018 Z. z. o ochrane osobn\u00fdch \u00fadajov a o zmene a doplnen\u00ed niektor\u00fdch z\u00e1konov<\/p>\n\n\n\n<p>pod n\u00e1zvom<\/p>\n\n\n\n<p>Z\u00c1SADY OCHRANY OSOBN\u00ddCH \u00daDAJOV<\/p>\n\n\n\n<p>\u00da\u010del sprac\u00favania osobn\u00fdch \u00fadajov \u2013 Aplik\u00e1cia Haravara P\u00e1tra\u010dka:<\/p>\n\n\n\n<p>V r\u00e1mci \u010dinnosti doch\u00e1dza ku sprac\u00favaniu osobn\u00fdch \u00fadajov za \u00fa\u010delom registr\u00e1cie a vyu\u017e\u00edvania aplik\u00e1cie Haravara P\u00e1tra\u010dka<\/p>\n\n\n\n<p>Okruh dotknut\u00fdch os\u00f4b: fyzick\u00e9 osoby \u2013 registrovan\u00ed u\u017e\u00edvatelia<\/p>\n\n\n\n<p>Zoznam osobn\u00fdch \u00fadajov:<\/p>\n\n\n\n<p>\u00b7 E-mail<\/p>\n\n\n\n<p>\u00b7 Nickname<\/p>\n\n\n\n<p>\u00b7 \u010ci je single p\u00e1tra\u010d alebo rodinn\u00fd \u00fa\u010det<\/p>\n\n\n\n<p>\u00b7 Po\u010det det\u00ed<\/p>\n\n\n\n<p>\u00b7 Bydlisko<\/p>\n\n\n\n<p>\u00b7 Zachytenie lok\u00e1cie GPS s\u00faradnicami prostredn\u00edctvom mobiln\u00e9ho telef\u00f3nu registrovan\u00e9ho u\u017e\u00edvate\u013ea<\/p>\n\n\n\n<p>Pr\u00e1vny z\u00e1klad sprac\u00favania osobn\u00fdch \u00fadajov: \u010dl. 6 ods. 1 p\u00edsm. b) Nariadenia GDPR<\/p>\n\n\n\n<p>Kateg\u00f3rie pr\u00edjemcov: neposkytuje sa<\/p>\n\n\n\n<p>Prenos osobn\u00fdch \u00fadajov do tret\u00edch kraj\u00edn sa nerealizuje.<\/p>\n\n\n\n<p>Lehoty na vymazanie osobn\u00fdch \u00fadajov: 10 rokov<\/p>\n\n\n\n<p>Automatizovan\u00e9 rozhodovanie vr\u00e1tane profilovania sa neuskuto\u010d\u0148uje.<\/p>\n\n\n\n<p>Z d\u00f4vodu dodr\u017eiavania z\u00e1sady minimaliz\u00e1cie s\u00fa v\u0161etky Vami poskytnut\u00e9 osobn\u00e9 \u00fadaje nevyhnutnou zmluvnou po\u017eiadavkou pre naplnenie \u00fa\u010delu ich sprac\u00favania.<\/p>\n\n\n\n<p>Dotknut\u00e9 osoby, o ktor\u00fdch s\u00fa sprac\u00favan\u00e9 osobn\u00e9 \u00fadaje pre konkr\u00e9tne vymedzen\u00e9 \u00fa\u010dely, si m\u00f4\u017eu uplatni\u0165 nasledovn\u00e9 pr\u00e1va:<\/p>\n\n\n\n<p>Pr\u00e1vo po\u017eadova\u0165 pr\u00edstup k svojim osobn\u00fdm \u00fadajom - Pr\u00e1vo na opravu osobn\u00fdch \u00fadajov - Pr\u00e1vo na vymazanie osobn\u00fdch \u00fadajov - Pr\u00e1vo na obmedzenie sprac\u00favania osobn\u00fdch \u00fadajov - Pr\u00e1vo namieta\u0165 proti sprac\u00favaniu osobn\u00fdch \u00fadajov - Pr\u00e1vo na prenos svojich osobn\u00fdch \u00fadajov - Pr\u00e1vo poda\u0165 s\u0165a\u017enos\u0165 dozorn\u00e9mu org\u00e1nu, t.j. \u00daradu na ochranu osobn\u00fdch \u00fadajov SR<\/p>\n\n\n\n<p>Uveden\u00e9 pr\u00e1va dotknutej osoby s\u00fa bli\u017e\u0161ie \u0161pecifikovan\u00e9 v \u010dl\u00e1nkoch 15 a\u017e 21 Nariadenia. Dotknut\u00e1 osoba si uveden\u00e9 pr\u00e1va uplat\u0148uje v s\u00falade s Nariaden\u00edm a \u010fal\u0161\u00edmi pr\u00edslu\u0161n\u00fdmi pr\u00e1vnymi predpismi. Vo\u010di prev\u00e1dzkovate\u013eovi si dotknut\u00e1 osoba m\u00f4\u017ee svoje pr\u00e1va uplatni\u0165 prostredn\u00edctvom p\u00edsomnej \u017eiadosti alebo elektronick\u00fdmi prostriedkami. V pr\u00edpade, \u017ee<\/p>\n\n\n\n<p>dotknut\u00e1 osoba po\u017eiada o \u00fastne poskytnutie inform\u00e1ci\u00ed, inform\u00e1cie sa m\u00f4\u017eu takto poskytn\u00fa\u0165 za predpokladu, \u017ee dotknut\u00e1 osoba preuk\u00e1zala svoju toto\u017enos\u0165.<\/p>\n\n\n\n<p>Ko\u0161ice Regi\u00f3n Turizmus prijala v\u0161etky primeran\u00e9 person\u00e1lne, organiza\u010dn\u00e9 a technick\u00e9 opatrenia za \u00fa\u010delom maxim\u00e1lnej ochrany Va\u0161ich osobn\u00fdch \u00fadajov s cie\u013eom v \u010do najv\u00e4\u010d\u0161ej miere zn\u00ed\u017ei\u0165 riziko ich zneu\u017eitia. V zmysle na\u0161ej povinnosti vypl\u00fdvaj\u00facej z \u010dl\u00e1nku 34 Nariadenia V\u00e1m ako dotknut\u00fdm osob\u00e1m oznamujeme, \u017ee ak nastane situ\u00e1cia, \u017ee ako prev\u00e1dzkovate\u013e poru\u0161\u00edme ochranu Va\u0161ich osobn\u00fdch \u00fadajov sp\u00f4sobom, ktor\u00fd pravdepodobne povedie k vysok\u00e9mu riziku pre pr\u00e1va a slobody fyzick\u00fdch os\u00f4b, bez zbyto\u010dn\u00e9ho odkladu V\u00e1m t\u00fato skuto\u010dnos\u0165 ozn\u00e1mime.<\/p>\n\n\n\n<p>Ko\u0161ice Regi\u00f3n Turizmus nebude zdie\u013ea\u0165 \u00fadaje zhroma\u017eden\u00e9 aplik\u00e1ciou so \u017eiadnymi tret\u00edmi stranami, ktor\u00e9 sa zaoberaj\u00fa spracovan\u00edm alebo sprostredkovan\u00edm \u00fadajov.<\/p>\n\n\n\n<p>Ko\u0161ice Regi\u00f3n Turizmus nebude prep\u00e1ja\u0165 aplik\u00e1ciou zhroma\u017eden\u00e9 \u00fadaje s \u00fadajmi tret\u00edch str\u00e1n na \u017eiadne marketingov\u00e9, ani reklamn\u00e9 \u00fa\u010dely.<\/p>\n\n\n\n<p>Ak m\u00e1te ak\u00fako\u013evek ot\u00e1zku oh\u013eadne sprac\u00favania Va\u0161ich osobn\u00fdch \u00fadajov, vr\u00e1tane uplatnenia vy\u0161\u0161ie uveden\u00fdch pr\u00e1v, m\u00f4\u017eete sa obr\u00e1ti\u0165 na na\u0161u Zodpovedn\u00fa osobu poskytovan\u00fa spolo\u010dnos\u0165ou EuroTRADING s.r.o. (www.eurotrading.sk), emailom na zo@eurotrading.sk. V\u0161etky va\u0161e podnety a s\u0165a\u017enosti riadne prever\u00edme a za\u0161leme V\u00e1m vyjadrenie.<\/p>\n\n\n\n<p>Ak nie ste spokojn\u00fd s na\u0161ou odpove\u010fou, alebo sa domnievate, \u017ee va\u0161e osobn\u00e9 \u00fadaje sprac\u00favame nespravodlivo alebo nez\u00e1konne, m\u00f4\u017eete poda\u0165 s\u0165a\u017enos\u0165 na dozorn\u00fd org\u00e1n, ktor\u00fdm je \u00darad na ochranu osobn\u00fdch \u00fadajov Slovenskej republiky, https:\/\/dataprotection.gov.sk, Hrani\u010dn\u00e1 12, 820 07 Bratislava 27; tel. \u010d\u00edslo: +421 \/2\/ 3231 3214; E-mail: statny.dozor@pdp.gov.sk.<\/p>\n\n\n\n<p><\/p>","protected":false},"excerpt":{"rendered":"<p>Ko\u0161ice Regi\u00f3n Turizmus, Ba\u010d\u00edkova 7, Ko\u0161ice 040 01, I\u010cO: 42319269 ako prev\u00e1dzkovate\u013e, poskytuje za \u00fa\u010delom dodr\u017eiavania spravodlivosti a transparentnosti vo\u010di dotknut\u00fdm osob\u00e1m toto obozn\u00e1menie dotknutej osoby o spracovan\u00edm osobn\u00fdch \u00fadajov pod\u013ea \u010dl\u00e1nkov 13. a14. Nariadenia Eur\u00f3pskeho parlamentu a Rady (E\u00da) 2016\/679 z 27. apr\u00edla 2016 o ochrane fyzick\u00fdch os\u00f4b pri sprac\u00favan\u00ed osobn\u00fdch \u00fadajov a o...<\/p>","protected":false},"author":1,"featured_media":0,"parent":0,"menu_order":0,"comment_status":"closed","ping_status":"closed","template":"","meta":{"_acf_changed":false,"footnotes":""},"class_list":["post-18755","page","type-page","status-publish","hentry"],"acf":[],"yoast_head":"<!-- This site is optimized with the Yoast SEO Premium plugin v22.7 (Yoast SEO v27.2) - https:\/\/yoast.com\/product\/yoast-seo-premium-wordpress\/ -->\n<title>\u2b50HARAVARA - Kam s de\u0165mi v Ko\u0161ickom kraji - GDPR k aplik\u00e1cii Haravara P\u00e1tra\u010dka<\/title>\n<meta name=\"description\" content=\"P\u00fdtate sa kam s de\u0165mi v Ko\u0161ickom kraji? Odpove\u010f je Haravara - Nechajte sa in\u0161pirova\u0165 skvel\u00fdmi tipmi na rodinn\u00e9 v\u00fdlety, podujatia...\" \/>\n<meta name=\"robots\" content=\"index, follow, max-snippet:-1, max-image-preview:large, max-video-preview:-1\" \/>\n<link rel=\"canonical\" href=\"https:\/\/www.haravara.sk\/hu\/gdpr-k-aplikacii-haravara-patracka\/\" \/>\n<meta property=\"og:locale\" content=\"hu_HU\" \/>\n<meta property=\"og:type\" content=\"article\" \/>\n<meta property=\"og:title\" content=\"GDPR k aplik\u00e1cii Haravara P\u00e1tra\u010dka\" \/>\n<meta property=\"og:description\" content=\"P\u00fdtate sa kam s de\u0165mi v Ko\u0161ickom kraji? Odpove\u010f je Haravara - Nechajte sa in\u0161pirova\u0165 skvel\u00fdmi tipmi na rodinn\u00e9 v\u00fdlety, podujatia...\" \/>\n<meta property=\"og:url\" content=\"https:\/\/www.haravara.sk\/hu\/gdpr-k-aplikacii-haravara-patracka\/\" \/>\n<meta property=\"og:site_name\" content=\"HARAVARA\" \/>\n<meta property=\"article:publisher\" content=\"https:\/\/www.facebook.com\/haravara.detsky.svet\" \/>\n<meta property=\"article:modified_time\" content=\"2025-05-30T12:27:49+00:00\" \/>\n<meta property=\"og:image\" content=\"https:\/\/www.haravara.sk\/wp-content\/uploads\/2023\/03\/HRVR_bil_april_edit.jpg\" \/>\n\t<meta property=\"og:image:width\" content=\"1920\" \/>\n\t<meta property=\"og:image:height\" content=\"903\" \/>\n\t<meta property=\"og:image:type\" content=\"image\/jpeg\" \/>\n<meta name=\"twitter:card\" content=\"summary_large_image\" \/>\n<meta name=\"twitter:label1\" content=\"Becs\u00fclt olvas\u00e1si id\u0151\" \/>\n\t<meta name=\"twitter:data1\" content=\"3 perc\" \/>\n<script type=\"application\/ld+json\" class=\"yoast-schema-graph\">{\"@context\":\"https:\/\/schema.org\",\"@graph\":[{\"@type\":\"WebPage\",\"@id\":\"https:\/\/www.haravara.sk\/gdpr-k-aplikacii-haravara-patracka\/\",\"url\":\"https:\/\/www.haravara.sk\/gdpr-k-aplikacii-haravara-patracka\/\",\"name\":\"\u2b50HARAVARA - Kam s de\u0165mi v Ko\u0161ickom kraji - GDPR k aplik\u00e1cii Haravara P\u00e1tra\u010dka\",\"isPartOf\":{\"@id\":\"https:\/\/www.haravara.sk\/#website\"},\"datePublished\":\"2025-05-16T05:16:26+00:00\",\"dateModified\":\"2025-05-30T12:27:49+00:00\",\"description\":\"P\u00fdtate sa kam s de\u0165mi v Ko\u0161ickom kraji? Odpove\u010f je Haravara - Nechajte sa in\u0161pirova\u0165 skvel\u00fdmi tipmi na rodinn\u00e9 v\u00fdlety, podujatia...\",\"breadcrumb\":{\"@id\":\"https:\/\/www.haravara.sk\/gdpr-k-aplikacii-haravara-patracka\/#breadcrumb\"},\"inLanguage\":\"hu\",\"potentialAction\":[{\"@type\":\"ReadAction\",\"target\":[\"https:\/\/www.haravara.sk\/gdpr-k-aplikacii-haravara-patracka\/\"]}]},{\"@type\":\"BreadcrumbList\",\"@id\":\"https:\/\/www.haravara.sk\/gdpr-k-aplikacii-haravara-patracka\/#breadcrumb\",\"itemListElement\":[{\"@type\":\"ListItem\",\"position\":1,\"name\":\"Domov\",\"item\":\"https:\/\/www.haravara.sk\/\"},{\"@type\":\"ListItem\",\"position\":2,\"name\":\"GDPR k aplik\u00e1cii Haravara P\u00e1tra\u010dka\"}]},{\"@type\":\"WebSite\",\"@id\":\"https:\/\/www.haravara.sk\/#website\",\"url\":\"https:\/\/www.haravara.sk\/\",\"name\":\"HARAVARA\",\"description\":\"Objav detsk\u00fd svet v Ko\u0161ickom kraji\",\"publisher\":{\"@id\":\"https:\/\/www.haravara.sk\/#organization\"},\"potentialAction\":[{\"@type\":\"SearchAction\",\"target\":{\"@type\":\"EntryPoint\",\"urlTemplate\":\"https:\/\/www.haravara.sk\/?s={search_term_string}\"},\"query-input\":{\"@type\":\"PropertyValueSpecification\",\"valueRequired\":true,\"valueName\":\"search_term_string\"}}],\"inLanguage\":\"hu\"},{\"@type\":\"Organization\",\"@id\":\"https:\/\/www.haravara.sk\/#organization\",\"name\":\"Haravara\",\"url\":\"https:\/\/www.haravara.sk\/\",\"logo\":{\"@type\":\"ImageObject\",\"inLanguage\":\"hu\",\"@id\":\"https:\/\/www.haravara.sk\/#\/schema\/logo\/image\/\",\"url\":\"https:\/\/www.haravara.sk\/wp-content\/uploads\/2021\/04\/LOGO-LandingPage.png\",\"contentUrl\":\"https:\/\/www.haravara.sk\/wp-content\/uploads\/2021\/04\/LOGO-LandingPage.png\",\"width\":832,\"height\":618,\"caption\":\"Haravara\"},\"image\":{\"@id\":\"https:\/\/www.haravara.sk\/#\/schema\/logo\/image\/\"},\"sameAs\":[\"https:\/\/www.facebook.com\/haravara.detsky.svet\"]}]}<\/script>\n<!-- \/ Yoast SEO Premium plugin. -->","yoast_head_json":{"title":"\u2b50HARAVARA - Kam s de\u0165mi v Ko\u0161ickom kraji - GDPR k aplik\u00e1cii Haravara P\u00e1tra\u010dka","description":"P\u00fdtate sa kam s de\u0165mi v Ko\u0161ickom kraji? Odpove\u010f je Haravara - Nechajte sa in\u0161pirova\u0165 skvel\u00fdmi tipmi na rodinn\u00e9 v\u00fdlety, podujatia...","robots":{"index":"index","follow":"follow","max-snippet":"max-snippet:-1","max-image-preview":"max-image-preview:large","max-video-preview":"max-video-preview:-1"},"canonical":"https:\/\/www.haravara.sk\/hu\/gdpr-k-aplikacii-haravara-patracka\/","og_locale":"hu_HU","og_type":"article","og_title":"GDPR k aplik\u00e1cii Haravara P\u00e1tra\u010dka","og_description":"P\u00fdtate sa kam s de\u0165mi v Ko\u0161ickom kraji? Odpove\u010f je Haravara - Nechajte sa in\u0161pirova\u0165 skvel\u00fdmi tipmi na rodinn\u00e9 v\u00fdlety, podujatia...","og_url":"https:\/\/www.haravara.sk\/hu\/gdpr-k-aplikacii-haravara-patracka\/","og_site_name":"HARAVARA","article_publisher":"https:\/\/www.facebook.com\/haravara.detsky.svet","article_modified_time":"2025-05-30T12:27:49+00:00","og_image":[{"width":1920,"height":903,"url":"https:\/\/www.haravara.sk\/wp-content\/uploads\/2023\/03\/HRVR_bil_april_edit.jpg","type":"image\/jpeg"}],"twitter_card":"summary_large_image","twitter_misc":{"Becs\u00fclt olvas\u00e1si id\u0151":"3 perc"},"schema":{"@context":"https:\/\/schema.org","@graph":[{"@type":"WebPage","@id":"https:\/\/www.haravara.sk\/gdpr-k-aplikacii-haravara-patracka\/","url":"https:\/\/www.haravara.sk\/gdpr-k-aplikacii-haravara-patracka\/","name":"\u2b50HARAVARA - Kam s de\u0165mi v Ko\u0161ickom kraji - GDPR k aplik\u00e1cii Haravara P\u00e1tra\u010dka","isPartOf":{"@id":"https:\/\/www.haravara.sk\/#website"},"datePublished":"2025-05-16T05:16:26+00:00","dateModified":"2025-05-30T12:27:49+00:00","description":"P\u00fdtate sa kam s de\u0165mi v Ko\u0161ickom kraji? Odpove\u010f je Haravara - Nechajte sa in\u0161pirova\u0165 skvel\u00fdmi tipmi na rodinn\u00e9 v\u00fdlety, podujatia...","breadcrumb":{"@id":"https:\/\/www.haravara.sk\/gdpr-k-aplikacii-haravara-patracka\/#breadcrumb"},"inLanguage":"hu","potentialAction":[{"@type":"ReadAction","target":["https:\/\/www.haravara.sk\/gdpr-k-aplikacii-haravara-patracka\/"]}]},{"@type":"BreadcrumbList","@id":"https:\/\/www.haravara.sk\/gdpr-k-aplikacii-haravara-patracka\/#breadcrumb","itemListElement":[{"@type":"ListItem","position":1,"name":"Domov","item":"https:\/\/www.haravara.sk\/"},{"@type":"ListItem","position":2,"name":"GDPR k aplik\u00e1cii Haravara P\u00e1tra\u010dka"}]},{"@type":"WebSite","@id":"https:\/\/www.haravara.sk\/#website","url":"https:\/\/www.haravara.sk\/","name":"HARAVARA","description":"Objav detsk\u00fd svet v Ko\u0161ickom kraji","publisher":{"@id":"https:\/\/www.haravara.sk\/#organization"},"potentialAction":[{"@type":"SearchAction","target":{"@type":"EntryPoint","urlTemplate":"https:\/\/www.haravara.sk\/?s={search_term_string}"},"query-input":{"@type":"PropertyValueSpecification","valueRequired":true,"valueName":"search_term_string"}}],"inLanguage":"hu"},{"@type":"Organization","@id":"https:\/\/www.haravara.sk\/#organization","name":"Haravara","url":"https:\/\/www.haravara.sk\/","logo":{"@type":"ImageObject","inLanguage":"hu","@id":"https:\/\/www.haravara.sk\/#\/schema\/logo\/image\/","url":"https:\/\/www.haravara.sk\/wp-content\/uploads\/2021\/04\/LOGO-LandingPage.png","contentUrl":"https:\/\/www.haravara.sk\/wp-content\/uploads\/2021\/04\/LOGO-LandingPage.png","width":832,"height":618,"caption":"Haravara"},"image":{"@id":"https:\/\/www.haravara.sk\/#\/schema\/logo\/image\/"},"sameAs":["https:\/\/www.facebook.com\/haravara.detsky.svet"]}]}},"_links":{"self":[{"href":"https:\/\/www.haravara.sk\/hu\/wp-json\/wp\/v2\/pages\/18755","targetHints":{"allow":["GET"]}}],"collection":[{"href":"https:\/\/www.haravara.sk\/hu\/wp-json\/wp\/v2\/pages"}],"about":[{"href":"https:\/\/www.haravara.sk\/hu\/wp-json\/wp\/v2\/types\/page"}],"author":[{"embeddable":true,"href":"https:\/\/www.haravara.sk\/hu\/wp-json\/wp\/v2\/users\/1"}],"replies":[{"embeddable":true,"href":"https:\/\/www.haravara.sk\/hu\/wp-json\/wp\/v2\/comments?post=18755"}],"version-history":[{"count":3,"href":"https:\/\/www.haravara.sk\/hu\/wp-json\/wp\/v2\/pages\/18755\/revisions"}],"predecessor-version":[{"id":19044,"href":"https:\/\/www.haravara.sk\/hu\/wp-json\/wp\/v2\/pages\/18755\/revisions\/19044"}],"wp:attachment":[{"href":"https:\/\/www.haravara.sk\/hu\/wp-json\/wp\/v2\/media?parent=18755"}],"curies":[{"name":"wp","href":"https:\/\/api.w.org\/{rel}","templated":true}]}}