{"id":596,"date":"2021-03-09T10:08:48","date_gmt":"2021-03-09T10:08:48","guid":{"rendered":"https:\/\/www.haravara.sk\/?page_id=596"},"modified":"2022-08-18T11:25:18","modified_gmt":"2022-08-18T10:25:18","slug":"ochrana-udajov-a-podmienky-pouzivania","status":"publish","type":"page","link":"https:\/\/www.haravara.sk\/pl\/ochrana-udajov-a-podmienky-pouzivania\/","title":{"rendered":"Ochrana \u00fadajov a podmienky pou\u017e\u00edvania"},"content":{"rendered":"<p>V\u0161eobecn\u00e9 ustanovenia<br>Prev\u00e1dzkovate\u013eom webovej str\u00e1nky www.kosiceregion.com (\u010falej len \u201ewebov\u00e1 str\u00e1nka),<br>ktorej s\u00fa\u010das\u0165ou je aj mobiln\u00e1 aplik\u00e1cia Ko\u0161ice regi\u00f3n (\u010falej len \u201emobiln\u00e1 aplik\u00e1cia), je krajsk\u00e1<br>organiz\u00e1cie cestovn\u00e9ho ruchu Ko\u0161ice Regi\u00f3n Turizmus, so s\u00eddlom Hlavn\u00e1 48, 040 01 Ko\u0161ice,<br>Slovensk\u00e1 republika, I\u010cO: 42319269 (\u010falej len \u201eprev\u00e1dzkovate\u013e\u201c).<br>Nevyhnut\u00fdm predpokladom pre pou\u017e\u00edvanie webovej str\u00e1nky www.kosiceregion.com, resp.<br>mobilnej aplik\u00e1cie Ko\u0161ice regi\u00f3n je obozn\u00e1menie sa a s\u00fahlas u\u017e\u00edvate\u013ea s ni\u017e\u0161ie uveden\u00fdmi<br>Podmienkami pou\u017e\u00edvania. Pou\u017e\u00edvanie webovej str\u00e1nky alebo mobilnej aplik\u00e1cie znamen\u00e1, \u017ee<br>u\u017e\u00edvate\u013e s\u00fahlas\u00ed s Podmienkami pou\u017e\u00edvania. Ak u\u017e\u00edvate\u013e s podmienkami pou\u017e\u00edvania nes\u00fahlas\u00ed,<br>zakazuje sa mu \u010fal\u0161ie pou\u017e\u00edvanie webovej str\u00e1nky www.kosiceregion.com alebo mobilnej<br>aplik\u00e1cie Ko\u0161ice regi\u00f3n.<br>Prev\u00e1dzkovate\u013e si vyhradzuje pr\u00e1vo \u2013 pod\u013ea potreby \u010di vlastn\u00e9ho uv\u00e1\u017eenia \u2013 meni\u0165 tieto<br>Podmienky ako celok alebo \u010diasto\u010dne. O takejto zmene prev\u00e1dzkovate\u013e informuje u\u017e\u00edvate\u013eov<br>primeran\u00fdmi sp\u00f4sobmi, najm\u00e4 v\u0161ak zverejnen\u00edm aktualizovan\u00fdch Podmienok na webovom<br>s\u00eddle prev\u00e1dzkovate\u013ea. V takom pr\u00edpade bud\u00fa zmeny platn\u00e9 d\u0148om zverejnenia na webovej<br>str\u00e1nke. Ak u\u017e\u00edvate\u013e s nov\u00fdmi Podmienkami nes\u00fahlas\u00ed, zakazuje sa mu \u010fal\u0161ie pou\u017e\u00edvanie<br>webovej str\u00e1nky www.kosiceregion.com alebo mobilnej aplik\u00e1cie Ko\u0161ice regi\u00f3n. Ak po<br>zmene Podmienok u\u017e\u00edvate\u013e pokra\u010duje v pou\u017e\u00edvan\u00ed webovej str\u00e1nky alebo aplik\u00e1cie, znamen\u00e1<br>to s\u00fahlas s nov\u00fdmi Podmienkami.<br>Ak s t\u00fdmito Podmienkami nes\u00fahlas\u00edte, pros\u00edm, nepou\u017e\u00edvajte webov\u00fa str\u00e1nku<br>www.kosiceregion.com a mobiln\u00fa aplik\u00e1cu Ko\u0161ice regi\u00f3n.Du\u0161evn\u00e9 vlastn\u00edctvo a autorsk\u00e9 pr\u00e1va<br>Webov\u00fa str\u00e1nku www.kosiceregion.com a mobiln\u00fa aplik\u00e1ciu Ko\u0161ice regi\u00f3n je dovolen\u00e9<br>pou\u017e\u00edva\u0165 v\u00fdlu\u010dne na informa\u010dn\u00e9 \u00fa\u010dely zo s\u00fakromn\u00fdch alebo pracovn\u00fdch d\u00f4vodov.<br>Prev\u00e1dzkovate\u013e je dr\u017eite\u013eom v\u0161etk\u00fdch autorsk\u00fdch pr\u00e1v vz\u0165ahuj\u00facich sa k ak\u00e9muko\u013evek<br>obsahu, ktor\u00fd prev\u00e1dzkovate\u013e uverej\u0148uje na webovej str\u00e1nke www.kosiceregion.com alebo<br>v mobilnej aplik\u00e1cii Ko\u0161ice regi\u00f3n, a to vr\u00e1tane textu, dizajnu str\u00e1nok a aplik\u00e1cie, technick\u00fdch<br>n\u00e1\u010drtov, grafiky, v\u0161etk\u00fdch vyobrazen\u00ed, ako aj sp\u00f4sobu usporiadania s\u00faborov umiestnen\u00fdch na<br>webovej str\u00e1nke www.kosiceregion.com alebo v mobilnej aplik\u00e1cii Ko\u0161ice regi\u00f3n.Ochrana \u00fadajov<br>Prev\u00e1dzkovate\u013e webovej str\u00e1nky www.kosiceregion.com a mobilnej aplik\u00e1cie Ko\u0161ice regi\u00f3n<br>db\u00e1 na ochranu osobn\u00fdch \u00fadajov u\u017e\u00edvate\u013eov. S podrobn\u00fdmi inform\u00e1ciami o ochrane<br>a sprac\u00favan\u00ed osobn\u00fdch \u00fadajov je mo\u017en\u00e9 sa obozn\u00e1mi\u0165 na odkaze:<br>https:\/\/kosiceregion.sk\/en\/node\/9732<br>Prev\u00e1dzkovate\u013e pou\u017e\u00edva na webovej sr\u00e1nke www.kosiceregion.com a v mobilnej aplik\u00e1cii<br>Ko\u0161ice regi\u00f3n k\u00f3dy tret\u00edch str\u00e1n. Ide o k\u00f3dy spolo\u010dnost\u00ed Google a Facebook, ktor\u00e9<br>prev\u00e1dzkovate\u013eovi pom\u00e1haj\u00fa analyzova\u0165 spr\u00e1vanie n\u00e1v\u0161tevn\u00edkov a komunikova\u0165 s nimi<br>adresnej\u0161ie a efekt\u00edvnej\u0161ie.<\/p>","protected":false},"excerpt":{"rendered":"<p>V\u0161eobecn\u00e9 ustanoveniaPrev\u00e1dzkovate\u013eom webovej str\u00e1nky www.kosiceregion.com (\u010falej len \u201ewebov\u00e1 str\u00e1nka),ktorej s\u00fa\u010das\u0165ou je aj mobiln\u00e1 aplik\u00e1cia Ko\u0161ice regi\u00f3n (\u010falej len \u201emobiln\u00e1 aplik\u00e1cia), je krajsk\u00e1organiz\u00e1cie cestovn\u00e9ho ruchu Ko\u0161ice Regi\u00f3n Turizmus, so s\u00eddlom Hlavn\u00e1 48, 040 01 Ko\u0161ice,Slovensk\u00e1 republika, I\u010cO: 42319269 (\u010falej len \u201eprev\u00e1dzkovate\u013e\u201c).Nevyhnut\u00fdm predpokladom pre pou\u017e\u00edvanie webovej str\u00e1nky www.kosiceregion.com, resp.mobilnej aplik\u00e1cie Ko\u0161ice regi\u00f3n je obozn\u00e1menie sa a s\u00fahlas...<\/p>","protected":false},"author":1,"featured_media":0,"parent":0,"menu_order":0,"comment_status":"closed","ping_status":"open","template":"","meta":{"_acf_changed":false,"footnotes":""},"class_list":["post-596","page","type-page","status-publish","hentry"],"acf":[],"yoast_head":"<!-- This site is optimized with the Yoast SEO Premium plugin v22.7 (Yoast SEO v27.5) - https:\/\/yoast.com\/product\/yoast-seo-premium-wordpress\/ -->\n<title>\u2b50HARAVARA - Kam s de\u0165mi v Ko\u0161ickom kraji - Ochrana \u00fadajov a podmienky pou\u017e\u00edvania<\/title>\n<meta name=\"description\" content=\"P\u00fdtate sa kam s de\u0165mi v Ko\u0161ickom kraji? Odpove\u010f je Haravara - Nechajte sa in\u0161pirova\u0165 skvel\u00fdmi tipmi na rodinn\u00e9 v\u00fdlety, podujatia...\" \/>\n<meta name=\"robots\" content=\"index, follow, max-snippet:-1, max-image-preview:large, max-video-preview:-1\" \/>\n<link rel=\"canonical\" href=\"https:\/\/www.haravara.sk\/pl\/ochrana-udajov-a-podmienky-pouzivania\/\" \/>\n<meta property=\"og:locale\" content=\"pl_PL\" \/>\n<meta property=\"og:type\" content=\"article\" \/>\n<meta property=\"og:title\" content=\"Ochrana \u00fadajov a podmienky pou\u017e\u00edvania\" \/>\n<meta property=\"og:description\" content=\"P\u00fdtate sa kam s de\u0165mi v Ko\u0161ickom kraji? Odpove\u010f je Haravara - Nechajte sa in\u0161pirova\u0165 skvel\u00fdmi tipmi na rodinn\u00e9 v\u00fdlety, podujatia...\" \/>\n<meta property=\"og:url\" content=\"https:\/\/www.haravara.sk\/pl\/ochrana-udajov-a-podmienky-pouzivania\/\" \/>\n<meta property=\"og:site_name\" content=\"HARAVARA\" \/>\n<meta property=\"article:publisher\" content=\"https:\/\/www.facebook.com\/haravara.detsky.svet\" \/>\n<meta property=\"article:modified_time\" content=\"2022-08-18T10:25:18+00:00\" \/>\n<meta property=\"og:image\" content=\"https:\/\/www.haravara.sk\/wp-content\/uploads\/2023\/03\/HRVR_bil_april_edit.jpg\" \/>\n\t<meta property=\"og:image:width\" content=\"1920\" \/>\n\t<meta property=\"og:image:height\" content=\"903\" \/>\n\t<meta property=\"og:image:type\" content=\"image\/jpeg\" \/>\n<meta name=\"twitter:card\" content=\"summary_large_image\" \/>\n<meta name=\"twitter:label1\" content=\"Szacowany czas czytania\" \/>\n\t<meta name=\"twitter:data1\" content=\"2 minuty\" \/>\n<script type=\"application\/ld+json\" class=\"yoast-schema-graph\">{\"@context\":\"https:\\\/\\\/schema.org\",\"@graph\":[{\"@type\":\"WebPage\",\"@id\":\"https:\\\/\\\/www.haravara.sk\\\/ochrana-udajov-a-podmienky-pouzivania\\\/\",\"url\":\"https:\\\/\\\/www.haravara.sk\\\/ochrana-udajov-a-podmienky-pouzivania\\\/\",\"name\":\"\u2b50HARAVARA - Kam s de\u0165mi v Ko\u0161ickom kraji - Ochrana \u00fadajov a podmienky pou\u017e\u00edvania\",\"isPartOf\":{\"@id\":\"https:\\\/\\\/www.haravara.sk\\\/#website\"},\"datePublished\":\"2021-03-09T10:08:48+00:00\",\"dateModified\":\"2022-08-18T10:25:18+00:00\",\"description\":\"P\u00fdtate sa kam s de\u0165mi v Ko\u0161ickom kraji? Odpove\u010f je Haravara - Nechajte sa in\u0161pirova\u0165 skvel\u00fdmi tipmi na rodinn\u00e9 v\u00fdlety, podujatia...\",\"breadcrumb\":{\"@id\":\"https:\\\/\\\/www.haravara.sk\\\/ochrana-udajov-a-podmienky-pouzivania\\\/#breadcrumb\"},\"inLanguage\":\"pl-PL\",\"potentialAction\":[{\"@type\":\"ReadAction\",\"target\":[\"https:\\\/\\\/www.haravara.sk\\\/ochrana-udajov-a-podmienky-pouzivania\\\/\"]}]},{\"@type\":\"BreadcrumbList\",\"@id\":\"https:\\\/\\\/www.haravara.sk\\\/ochrana-udajov-a-podmienky-pouzivania\\\/#breadcrumb\",\"itemListElement\":[{\"@type\":\"ListItem\",\"position\":1,\"name\":\"Domov\",\"item\":\"https:\\\/\\\/www.haravara.sk\\\/\"},{\"@type\":\"ListItem\",\"position\":2,\"name\":\"Ochrana \u00fadajov a podmienky pou\u017e\u00edvania\"}]},{\"@type\":\"WebSite\",\"@id\":\"https:\\\/\\\/www.haravara.sk\\\/#website\",\"url\":\"https:\\\/\\\/www.haravara.sk\\\/\",\"name\":\"HARAVARA\",\"description\":\"Objav detsk\u00fd svet v Ko\u0161ickom kraji\",\"publisher\":{\"@id\":\"https:\\\/\\\/www.haravara.sk\\\/#organization\"},\"potentialAction\":[{\"@type\":\"SearchAction\",\"target\":{\"@type\":\"EntryPoint\",\"urlTemplate\":\"https:\\\/\\\/www.haravara.sk\\\/?s={search_term_string}\"},\"query-input\":{\"@type\":\"PropertyValueSpecification\",\"valueRequired\":true,\"valueName\":\"search_term_string\"}}],\"inLanguage\":\"pl-PL\"},{\"@type\":\"Organization\",\"@id\":\"https:\\\/\\\/www.haravara.sk\\\/#organization\",\"name\":\"Haravara\",\"url\":\"https:\\\/\\\/www.haravara.sk\\\/\",\"logo\":{\"@type\":\"ImageObject\",\"inLanguage\":\"pl-PL\",\"@id\":\"https:\\\/\\\/www.haravara.sk\\\/#\\\/schema\\\/logo\\\/image\\\/\",\"url\":\"https:\\\/\\\/www.haravara.sk\\\/wp-content\\\/uploads\\\/2021\\\/04\\\/LOGO-LandingPage.png\",\"contentUrl\":\"https:\\\/\\\/www.haravara.sk\\\/wp-content\\\/uploads\\\/2021\\\/04\\\/LOGO-LandingPage.png\",\"width\":832,\"height\":618,\"caption\":\"Haravara\"},\"image\":{\"@id\":\"https:\\\/\\\/www.haravara.sk\\\/#\\\/schema\\\/logo\\\/image\\\/\"},\"sameAs\":[\"https:\\\/\\\/www.facebook.com\\\/haravara.detsky.svet\"]}]}<\/script>\n<!-- \/ Yoast SEO Premium plugin. -->","yoast_head_json":{"title":"\u2b50HARAVARA - Kam s de\u0165mi v Ko\u0161ickom kraji - Ochrana \u00fadajov a podmienky pou\u017e\u00edvania","description":"P\u00fdtate sa kam s de\u0165mi v Ko\u0161ickom kraji? Odpove\u010f je Haravara - Nechajte sa in\u0161pirova\u0165 skvel\u00fdmi tipmi na rodinn\u00e9 v\u00fdlety, podujatia...","robots":{"index":"index","follow":"follow","max-snippet":"max-snippet:-1","max-image-preview":"max-image-preview:large","max-video-preview":"max-video-preview:-1"},"canonical":"https:\/\/www.haravara.sk\/pl\/ochrana-udajov-a-podmienky-pouzivania\/","og_locale":"pl_PL","og_type":"article","og_title":"Ochrana \u00fadajov a podmienky pou\u017e\u00edvania","og_description":"P\u00fdtate sa kam s de\u0165mi v Ko\u0161ickom kraji? Odpove\u010f je Haravara - Nechajte sa in\u0161pirova\u0165 skvel\u00fdmi tipmi na rodinn\u00e9 v\u00fdlety, podujatia...","og_url":"https:\/\/www.haravara.sk\/pl\/ochrana-udajov-a-podmienky-pouzivania\/","og_site_name":"HARAVARA","article_publisher":"https:\/\/www.facebook.com\/haravara.detsky.svet","article_modified_time":"2022-08-18T10:25:18+00:00","og_image":[{"width":1920,"height":903,"url":"https:\/\/www.haravara.sk\/wp-content\/uploads\/2023\/03\/HRVR_bil_april_edit.jpg","type":"image\/jpeg"}],"twitter_card":"summary_large_image","twitter_misc":{"Szacowany czas czytania":"2 minuty"},"schema":{"@context":"https:\/\/schema.org","@graph":[{"@type":"WebPage","@id":"https:\/\/www.haravara.sk\/ochrana-udajov-a-podmienky-pouzivania\/","url":"https:\/\/www.haravara.sk\/ochrana-udajov-a-podmienky-pouzivania\/","name":"\u2b50HARAVARA - Kam s de\u0165mi v Ko\u0161ickom kraji - Ochrana \u00fadajov a podmienky pou\u017e\u00edvania","isPartOf":{"@id":"https:\/\/www.haravara.sk\/#website"},"datePublished":"2021-03-09T10:08:48+00:00","dateModified":"2022-08-18T10:25:18+00:00","description":"P\u00fdtate sa kam s de\u0165mi v Ko\u0161ickom kraji? Odpove\u010f je Haravara - Nechajte sa in\u0161pirova\u0165 skvel\u00fdmi tipmi na rodinn\u00e9 v\u00fdlety, podujatia...","breadcrumb":{"@id":"https:\/\/www.haravara.sk\/ochrana-udajov-a-podmienky-pouzivania\/#breadcrumb"},"inLanguage":"pl-PL","potentialAction":[{"@type":"ReadAction","target":["https:\/\/www.haravara.sk\/ochrana-udajov-a-podmienky-pouzivania\/"]}]},{"@type":"BreadcrumbList","@id":"https:\/\/www.haravara.sk\/ochrana-udajov-a-podmienky-pouzivania\/#breadcrumb","itemListElement":[{"@type":"ListItem","position":1,"name":"Domov","item":"https:\/\/www.haravara.sk\/"},{"@type":"ListItem","position":2,"name":"Ochrana \u00fadajov a podmienky pou\u017e\u00edvania"}]},{"@type":"WebSite","@id":"https:\/\/www.haravara.sk\/#website","url":"https:\/\/www.haravara.sk\/","name":"HARAVARA","description":"Objav detsk\u00fd svet v Ko\u0161ickom kraji","publisher":{"@id":"https:\/\/www.haravara.sk\/#organization"},"potentialAction":[{"@type":"SearchAction","target":{"@type":"EntryPoint","urlTemplate":"https:\/\/www.haravara.sk\/?s={search_term_string}"},"query-input":{"@type":"PropertyValueSpecification","valueRequired":true,"valueName":"search_term_string"}}],"inLanguage":"pl-PL"},{"@type":"Organization","@id":"https:\/\/www.haravara.sk\/#organization","name":"Haravara","url":"https:\/\/www.haravara.sk\/","logo":{"@type":"ImageObject","inLanguage":"pl-PL","@id":"https:\/\/www.haravara.sk\/#\/schema\/logo\/image\/","url":"https:\/\/www.haravara.sk\/wp-content\/uploads\/2021\/04\/LOGO-LandingPage.png","contentUrl":"https:\/\/www.haravara.sk\/wp-content\/uploads\/2021\/04\/LOGO-LandingPage.png","width":832,"height":618,"caption":"Haravara"},"image":{"@id":"https:\/\/www.haravara.sk\/#\/schema\/logo\/image\/"},"sameAs":["https:\/\/www.facebook.com\/haravara.detsky.svet"]}]}},"_links":{"self":[{"href":"https:\/\/www.haravara.sk\/pl\/wp-json\/wp\/v2\/pages\/596","targetHints":{"allow":["GET"]}}],"collection":[{"href":"https:\/\/www.haravara.sk\/pl\/wp-json\/wp\/v2\/pages"}],"about":[{"href":"https:\/\/www.haravara.sk\/pl\/wp-json\/wp\/v2\/types\/page"}],"author":[{"embeddable":true,"href":"https:\/\/www.haravara.sk\/pl\/wp-json\/wp\/v2\/users\/1"}],"replies":[{"embeddable":true,"href":"https:\/\/www.haravara.sk\/pl\/wp-json\/wp\/v2\/comments?post=596"}],"version-history":[{"count":2,"href":"https:\/\/www.haravara.sk\/pl\/wp-json\/wp\/v2\/pages\/596\/revisions"}],"predecessor-version":[{"id":9009,"href":"https:\/\/www.haravara.sk\/pl\/wp-json\/wp\/v2\/pages\/596\/revisions\/9009"}],"wp:attachment":[{"href":"https:\/\/www.haravara.sk\/pl\/wp-json\/wp\/v2\/media?parent=596"}],"curies":[{"name":"wp","href":"https:\/\/api.w.org\/{rel}","templated":true}]}}